{"id":18,"date":"2020-08-11T07:02:12","date_gmt":"2020-08-11T07:02:12","guid":{"rendered":"http:\/\/pikkelysomorkezeles.hu\/en\/?page_id=18"},"modified":"2021-10-25T09:25:16","modified_gmt":"2021-10-25T09:25:16","slug":"centers","status":"publish","type":"page","link":"https:\/\/pikkelysomorkezeles.hu\/en\/centers\/","title":{"rendered":"Centers"},"content":{"rendered":"<p>[et_pb_section fb_built=&#8221;1&#8243; admin_label=&#8221;Hero&#8221; _builder_version=&#8221;4.5.1&#8243; use_background_color_gradient=&#8221;on&#8221; background_color_gradient_start=&#8221;#210b00&#8243; background_color_gradient_end=&#8221;rgba(33,25,21,0)&#8221; background_color_gradient_type=&#8221;radial&#8221; background_color_gradient_direction_radial=&#8221;top right&#8221; background_color_gradient_start_position=&#8221;10%&#8221; background_color_gradient_overlays_image=&#8221;on&#8221; background_image=&#8221;https:\/\/pikkelysomorkezeles.hu\/en\/wp-content\/uploads\/sites\/2\/2020\/08\/Dead-sea-coast-white-salt-blue-sea_1920x1200.jpg&#8221; custom_padding=&#8221;0px|0|0||false|false&#8221; bottom_divider_style=&#8221;asymmetric4&#8243; bottom_divider_color=&#8221;#ffffff&#8221; bottom_divider_height=&#8221;40px&#8221; bottom_divider_color_tablet=&#8221;&#8221; bottom_divider_color_phone=&#8221;&#8221; bottom_divider_color_last_edited=&#8221;on|desktop&#8221;][et_pb_row use_custom_gutter=&#8221;on&#8221; gutter_width=&#8221;1&#8243; make_equal=&#8221;on&#8221; padding_top_bottom_link_2=&#8221;true&#8221; padding_left_right_link_2=&#8221;true&#8221; _builder_version=&#8221;4.5.1&#8243; custom_margin=&#8221;|||&#8221; custom_padding=&#8221;27px|0px|24px|0px|false|false&#8221;][et_pb_column type=&#8221;4_4&#8243; _builder_version=&#8221;3.25&#8243; custom_padding=&#8221;|4%|80px|&#8221; custom_padding_tablet=&#8221;||40px|&#8221; custom_padding_phone=&#8221;&#8221; custom_padding_last_edited=&#8221;on|tablet&#8221; custom_padding__hover=&#8221;|||&#8221;][et_pb_text _builder_version=&#8221;4.5.1&#8243; text_font=&#8221;Open Sans||||||||&#8221; text_font_size=&#8221;20px&#8221; text_line_height=&#8221;2em&#8221; header_font=&#8221;|800||on|||||&#8221; header_font_size=&#8221;55px&#8221; header_line_height=&#8221;1.4em&#8221; background_layout=&#8221;dark&#8221; max_width=&#8221;700px&#8221; custom_margin=&#8221;85px|||||&#8221; text_font_size_tablet=&#8221;&#8221; text_font_size_phone=&#8221;16px&#8221; text_font_size_last_edited=&#8221;on|phone&#8221; header_font_size_tablet=&#8221;44px&#8221; header_font_size_phone=&#8221;30px&#8221; header_font_size_last_edited=&#8221;on|desktop&#8221; header_line_height_tablet=&#8221;1.4em&#8221; header_line_height_phone=&#8221;1.4em&#8221; header_line_height_last_edited=&#8221;on|desktop&#8221;]<\/p>\n<h1>centers<\/h1>\n<p>&nbsp;<\/p>\n<p>[\/et_pb_text][\/et_pb_column][\/et_pb_row][\/et_pb_section][et_pb_section fb_built=&#8221;1&#8243; _builder_version=&#8221;4.5.1&#8243; _module_preset=&#8221;default&#8221;][et_pb_row column_structure=&#8221;1_3,1_3,1_3&#8243; _builder_version=&#8221;3.25&#8243; _module_preset=&#8221;default&#8221;][et_pb_column type=&#8221;1_3&#8243; _builder_version=&#8221;3.25&#8243; _module_preset=&#8221;default&#8221; custom_padding=&#8221;|||&#8221; custom_padding__hover=&#8221;|||&#8221;][et_pb_blurb title=&#8221;Budapest&#8221; image=&#8221;https:\/\/pikkelysomorkezeles.hu\/en\/wp-content\/uploads\/sites\/2\/2020\/08\/pexels-kelly-lacy-2453551-scaled-1.jpg&#8221; _builder_version=&#8221;4.5.1&#8243; _module_preset=&#8221;default&#8221; header_font=&#8221;Open Sans|800||on|||||&#8221; background_enable_color=&#8221;off&#8221; custom_margin=&#8221;||10px||false|false&#8221; custom_padding=&#8221;||||false|false&#8221;]<\/p>\n<p style=\"text-align: justify;\">H-1117 Budapest, N\u00e1dorliget utca 8\/b fszt. 1.<\/p>\n<p style=\"text-align: justify;\"><strong>Phone:<\/strong> +36-30 277-9277<br \/><strong>Email:<\/strong> budapest@pikkelysomorkezeles.hu<\/p>\n<p>[\/et_pb_blurb][\/et_pb_column][et_pb_column type=&#8221;1_3&#8243; _builder_version=&#8221;3.25&#8243; _module_preset=&#8221;default&#8221; custom_padding=&#8221;|||&#8221; custom_padding__hover=&#8221;|||&#8221;][et_pb_blurb title=&#8221;P\u00e9cs&#8221; image=&#8221;https:\/\/pikkelysomorkezeles.hu\/en\/wp-content\/uploads\/sites\/2\/2020\/08\/pexels-kelly-lacy-2453551-scaled-1.jpg&#8221; _builder_version=&#8221;4.5.1&#8243; _module_preset=&#8221;default&#8221; header_font=&#8221;Open Sans|800||on|||||&#8221; custom_margin=&#8221;||10px||false|false&#8221; custom_padding=&#8221;||||false|false&#8221;]<\/p>\n<p style=\"text-align: justify;\">H-7624 P\u00e9cs, \u0150z utca 6.<\/p>\n<p style=\"text-align: justify;\"><strong>Phone:<\/strong> +36-30 156-3412<br \/><strong>Email:<\/strong> pecs@pikkelysomorkezeles.hu<\/p>\n<p>[\/et_pb_blurb][\/et_pb_column][et_pb_column type=&#8221;1_3&#8243; _builder_version=&#8221;3.25&#8243; _module_preset=&#8221;default&#8221; custom_padding=&#8221;|||&#8221; custom_padding__hover=&#8221;|||&#8221;][et_pb_blurb title=&#8221;Gy\u0151r&#8221; image=&#8221;https:\/\/pikkelysomorkezeles.hu\/en\/wp-content\/uploads\/sites\/2\/2020\/08\/pexels-kelly-lacy-2453551-scaled-1.jpg&#8221; _builder_version=&#8221;4.5.1&#8243; _module_preset=&#8221;default&#8221; header_font=&#8221;Open Sans|800||on|||||&#8221; custom_margin=&#8221;||10px||false|false&#8221; custom_padding=&#8221;||||false|false&#8221;]<\/p>\n<p style=\"text-align: justify;\"><span>H-9024 Gy\u0151r,\u00a0<\/span><span>Horv\u00e1th \u00c1rp\u00e1d u.3.<\/span><\/p>\n<p style=\"text-align: justify;\"><span><\/span><span><strong>Phone:<\/strong> +36-30 156-9033<br \/> <strong>Email:<\/strong> gyor@pikkelysomorkezeles.hu<br \/> <\/span><\/p>\n<p>[\/et_pb_blurb][\/et_pb_column][\/et_pb_row][et_pb_row column_structure=&#8221;1_3,1_3,1_3&#8243; _builder_version=&#8221;3.25&#8243; _module_preset=&#8221;default&#8221; custom_padding=&#8221;9px|||||&#8221;][et_pb_column type=&#8221;1_3&#8243; _builder_version=&#8221;3.25&#8243; _module_preset=&#8221;default&#8221; custom_padding=&#8221;|||&#8221; custom_padding__hover=&#8221;|||&#8221;][et_pb_blurb title=&#8221;Szombathely&#8221; image=&#8221;https:\/\/pikkelysomorkezeles.hu\/en\/wp-content\/uploads\/sites\/2\/2020\/08\/pexels-kelly-lacy-2453551-scaled-1.jpg&#8221; _builder_version=&#8221;4.5.1&#8243; _module_preset=&#8221;default&#8221; header_font=&#8221;Open Sans|800||on|||||&#8221; custom_margin=&#8221;||10px||false|false&#8221; custom_padding=&#8221;||||false|false&#8221;]<\/p>\n<p style=\"text-align: justify;\"><span>H-9700 Szombathely, Dolgoz\u00f3k \u00fatja 1.<\/span><\/p>\n<p style=\"text-align: justify;\"><strong>Phone:<\/strong> +36-30 192-1192<br \/><strong>Email:<\/strong> szombathely@pikkelysomorkezeles.hu<\/p>\n<p>[\/et_pb_blurb][\/et_pb_column][et_pb_column type=&#8221;1_3&#8243; _builder_version=&#8221;3.25&#8243; _module_preset=&#8221;default&#8221; custom_padding=&#8221;|||&#8221; custom_padding__hover=&#8221;|||&#8221;][et_pb_blurb title=&#8221;Debrecen&#8221; image=&#8221;https:\/\/pikkelysomorkezeles.hu\/en\/wp-content\/uploads\/sites\/2\/2020\/08\/pexels-kelly-lacy-2453551-scaled-1.jpg&#8221; _builder_version=&#8221;4.5.1&#8243; _module_preset=&#8221;default&#8221; header_font=&#8221;Open Sans|800||on|||||&#8221; custom_margin=&#8221;||10px||false|false&#8221; custom_padding=&#8221;||||false|false&#8221; hover_enabled=&#8221;0&#8243;]<\/p>\n<p style=\"text-align: justify;\">OLIVIA MED DERMATOLOGY<br \/>H-4032 Debrecen, Lehel u. 22 (Offices 5-6)<br \/><span style=\"color: #ff0000;\"><strong>Treatments are temporarily paused!<\/strong><\/span><\/p>\n<p style=\"text-align: justify;\"><strong>Phone:<\/strong> +36-30 636-0792<br \/> <strong>Email:<\/strong> debrecen@pikkelysomorkezeles.hu<\/p>\n<p>[\/et_pb_blurb][\/et_pb_column][et_pb_column type=&#8221;1_3&#8243; _builder_version=&#8221;3.25&#8243; _module_preset=&#8221;default&#8221; custom_padding=&#8221;|||&#8221; custom_padding__hover=&#8221;|||&#8221;][et_pb_blurb title=&#8221;Miskolc&#8221; image=&#8221;https:\/\/pikkelysomorkezeles.hu\/en\/wp-content\/uploads\/sites\/2\/2020\/08\/pexels-kelly-lacy-2453551-scaled-1.jpg&#8221; _builder_version=&#8221;4.5.1&#8243; _module_preset=&#8221;default&#8221; header_font=&#8221;Open Sans|800||on|||||&#8221; custom_margin=&#8221;||10px||false|false&#8221; custom_padding=&#8221;||||false|false&#8221;]<\/p>\n<p style=\"text-align: justify;\">H-3529 Miskolc, Csabai kapu 9-11. (Hospital outpatient clinic)<br \/><span style=\"color: #ff0000;\"><strong>Treatments are temporarily paused!<\/strong><\/span><\/p>\n<p style=\"text-align: justify;\"><strong>Phone:<\/strong> +36-30 360-1224<br \/> <strong>Email:<\/strong> miskolc@pikkelysomorkezeles.hu<\/p>\n<p>[\/et_pb_blurb][\/et_pb_column][\/et_pb_row][\/et_pb_section][et_pb_section fb_built=&#8221;1&#8243; admin_label=&#8221;Contact Banner&#8221; _builder_version=&#8221;4.5.1&#8243; _module_preset=&#8221;default&#8221; background_color=&#8221;#dc0000&#8243; custom_padding=&#8221;20px|0px|20px|0px|true|false&#8221; animation_style=&#8221;slide&#8221; animation_direction=&#8221;bottom&#8221;][et_pb_row _builder_version=&#8221;3.25&#8243; _module_preset=&#8221;default&#8221; custom_padding=&#8221;25px|||||&#8221;][et_pb_column type=&#8221;4_4&#8243; _builder_version=&#8221;3.25&#8243; _module_preset=&#8221;default&#8221; custom_padding=&#8221;|||&#8221; custom_padding__hover=&#8221;|||&#8221;][et_pb_text _builder_version=&#8221;4.5.1&#8243; _module_preset=&#8221;default&#8221; text_font=&#8221;||||||||&#8221; quote_font=&#8221;||||||||&#8221; header_font=&#8221;||||||||&#8221; header_2_font=&#8221;|800|||||||&#8221; header_2_font_size=&#8221;24px&#8221; header_2_line_height=&#8221;1.8em&#8221; header_3_font=&#8221;||||||||&#8221; header_4_font=&#8221;|800||on|||||&#8221; header_4_font_size=&#8221;16px&#8221; header_4_letter_spacing=&#8221;0.5px&#8221; header_4_line_height=&#8221;1.7em&#8221; background_layout=&#8221;dark&#8221; custom_padding=&#8221;|||&#8221; header_2_font_size_tablet=&#8221;&#8221; header_2_font_size_phone=&#8221;18px&#8221; header_2_font_size_last_edited=&#8221;on|phone&#8221; locked=&#8221;off&#8221;]<\/p>\n<h4><strong>information<\/strong><\/h4>\n<h2>The National Health Insurance Fund Manager (NEAK) finances 25 treatments per year for patients.<\/h2>\n<p>[\/et_pb_text][\/et_pb_column][\/et_pb_row][\/et_pb_section]<\/p>\n","protected":false},"excerpt":{"rendered":"<p>[et_pb_section fb_built=&#8221;1&#8243; admin_label=&#8221;Hero&#8221; _builder_version=&#8221;4.5.1&#8243; use_background_color_gradient=&#8221;on&#8221; background_color_gradient_start=&#8221;#210b00&#8243; background_color_gradient_end=&#8221;rgba(33,25,21,0)&#8221; background_color_gradient_type=&#8221;radial&#8221; background_color_gradient_direction_radial=&#8221;top right&#8221; background_color_gradient_start_position=&#8221;10%&#8221; background_color_gradient_overlays_image=&#8221;on&#8221; background_image=&#8221;https:\/\/pikkelysomorkezeles.hu\/en\/wp-content\/uploads\/sites\/2\/2020\/08\/Dead-sea-coast-white-salt-blue-sea_1920x1200.jpg&#8221; custom_padding=&#8221;0px|0|0||false|false&#8221; bottom_divider_style=&#8221;asymmetric4&#8243; bottom_divider_color=&#8221;#ffffff&#8221; bottom_divider_height=&#8221;40px&#8221; bottom_divider_color_tablet=&#8221;&#8221; bottom_divider_color_phone=&#8221;&#8221; bottom_divider_color_last_edited=&#8221;on|desktop&#8221;][et_pb_row use_custom_gutter=&#8221;on&#8221; gutter_width=&#8221;1&#8243; make_equal=&#8221;on&#8221; padding_top_bottom_link_2=&#8221;true&#8221; padding_left_right_link_2=&#8221;true&#8221; _builder_version=&#8221;4.5.1&#8243; custom_margin=&#8221;|||&#8221; custom_padding=&#8221;27px|0px|24px|0px|false|false&#8221;][et_pb_column type=&#8221;4_4&#8243; _builder_version=&#8221;3.25&#8243; custom_padding=&#8221;|4%|80px|&#8221; custom_padding_tablet=&#8221;||40px|&#8221; custom_padding_phone=&#8221;&#8221; custom_padding_last_edited=&#8221;on|tablet&#8221; custom_padding__hover=&#8221;|||&#8221;][et_pb_text _builder_version=&#8221;4.5.1&#8243; text_font=&#8221;Open Sans||||||||&#8221; text_font_size=&#8221;20px&#8221; text_line_height=&#8221;2em&#8221; header_font=&#8221;|800||on|||||&#8221; header_font_size=&#8221;55px&#8221; header_line_height=&#8221;1.4em&#8221; background_layout=&#8221;dark&#8221; max_width=&#8221;700px&#8221; custom_margin=&#8221;85px|||||&#8221; text_font_size_tablet=&#8221;&#8221; text_font_size_phone=&#8221;16px&#8221; text_font_size_last_edited=&#8221;on|phone&#8221; header_font_size_tablet=&#8221;44px&#8221; header_font_size_phone=&#8221;30px&#8221; header_font_size_last_edited=&#8221;on|desktop&#8221; header_line_height_tablet=&#8221;1.4em&#8221; header_line_height_phone=&#8221;1.4em&#8221; header_line_height_last_edited=&#8221;on|desktop&#8221;] [&hellip;]<\/p>\n","protected":false},"author":1,"featured_media":0,"parent":0,"menu_order":0,"comment_status":"closed","ping_status":"closed","template":"","meta":{"_et_pb_use_builder":"on","_et_pb_old_content":"<!-- wp:divi\/placeholder \/-->","_et_gb_content_width":"","_monsterinsights_skip_tracking":false,"_monsterinsights_sitenote_active":false,"_monsterinsights_sitenote_note":"","_monsterinsights_sitenote_category":0},"_links":{"self":[{"href":"https:\/\/pikkelysomorkezeles.hu\/en\/wp-json\/wp\/v2\/pages\/18"}],"collection":[{"href":"https:\/\/pikkelysomorkezeles.hu\/en\/wp-json\/wp\/v2\/pages"}],"about":[{"href":"https:\/\/pikkelysomorkezeles.hu\/en\/wp-json\/wp\/v2\/types\/page"}],"author":[{"embeddable":true,"href":"https:\/\/pikkelysomorkezeles.hu\/en\/wp-json\/wp\/v2\/users\/1"}],"replies":[{"embeddable":true,"href":"https:\/\/pikkelysomorkezeles.hu\/en\/wp-json\/wp\/v2\/comments?post=18"}],"version-history":[{"count":6,"href":"https:\/\/pikkelysomorkezeles.hu\/en\/wp-json\/wp\/v2\/pages\/18\/revisions"}],"predecessor-version":[{"id":142,"href":"https:\/\/pikkelysomorkezeles.hu\/en\/wp-json\/wp\/v2\/pages\/18\/revisions\/142"}],"wp:attachment":[{"href":"https:\/\/pikkelysomorkezeles.hu\/en\/wp-json\/wp\/v2\/media?parent=18"}],"curies":[{"name":"wp","href":"https:\/\/api.w.org\/{rel}","templated":true}]}}